{"id":90,"date":"2022-03-18T04:03:38","date_gmt":"2022-03-18T04:03:38","guid":{"rendered":"https:\/\/chilediagnostics.com\/?page_id=90"},"modified":"2025-02-02T21:25:47","modified_gmt":"2025-02-02T21:25:47","slug":"chilediagnostics-s-a","status":"publish","type":"page","link":"https:\/\/www.chilediagnostics.com\/","title":{"rendered":"Chilediagnostics S.A."},"content":{"rendered":"\n<div class=\"wp-block-group nf-instructions\"><div class=\"wp-block-group__inner-container is-layout-flow wp-block-group-is-layout-flow\">\n<figure class=\"wp-block-gallery has-nested-images columns-default is-cropped wp-block-gallery-1 is-layout-flex wp-block-gallery-is-layout-flex\">\n<figure class=\"wp-block-image size-large\"><img loading=\"lazy\" decoding=\"async\" width=\"2000\" height=\"1125\" data-id=\"98\" src=\"https:\/\/chilediagnostics.com\/wp-content\/uploads\/2022\/03\/alimen.png\" alt=\"\" class=\"wp-image-98\" srcset=\"https:\/\/www.chilediagnostics.com\/wp-content\/uploads\/2022\/03\/alimen.png 2000w, https:\/\/www.chilediagnostics.com\/wp-content\/uploads\/2022\/03\/alimen-300x169.png 300w, https:\/\/www.chilediagnostics.com\/wp-content\/uploads\/2022\/03\/alimen-1024x576.png 1024w, https:\/\/www.chilediagnostics.com\/wp-content\/uploads\/2022\/03\/alimen-768x432.png 768w, https:\/\/www.chilediagnostics.com\/wp-content\/uploads\/2022\/03\/alimen-1536x864.png 1536w, https:\/\/www.chilediagnostics.com\/wp-content\/uploads\/2022\/03\/alimen-1140x641.png 1140w, https:\/\/www.chilediagnostics.com\/wp-content\/uploads\/2022\/03\/alimen-920x518.png 920w, https:\/\/www.chilediagnostics.com\/wp-content\/uploads\/2022\/03\/alimen-575x323.png 575w, https:\/\/www.chilediagnostics.com\/wp-content\/uploads\/2022\/03\/alimen-380x214.png 380w\" sizes=\"auto, (max-width: 2000px) 100vw, 2000px\" \/><\/figure>\n<\/figure>\n\n\n\n<p class=\"has-text-align-center\" style=\"font-style:normal;font-weight:200\"><\/p>\n<\/div><\/div>\n\n\n\n<h4 class=\"wp-block-heading has-text-align-center\">M\u00e9todos innovadores para el an\u00e1lisis microbiol\u00f3gico y qu\u00edmico, especialmente dise\u00f1ados para ser empleados a lo largo de toda la cadena de producci\u00f3n de alimentos.<\/h4>\n\n\n\n<div class=\"wp-block-columns is-layout-flex wp-container-core-columns-is-layout-28f84493 wp-block-columns-is-layout-flex\">\n<div class=\"wp-block-column is-layout-flow wp-block-column-is-layout-flow\">\n<figure class=\"wp-block-image size-full\"><img loading=\"lazy\" decoding=\"async\" width=\"640\" height=\"360\" src=\"https:\/\/www.chilediagnostics.com\/wp-content\/uploads\/2022\/03\/vignettes-bannieres4.png\" alt=\"\" class=\"wp-image-119\" srcset=\"https:\/\/www.chilediagnostics.com\/wp-content\/uploads\/2022\/03\/vignettes-bannieres4.png 640w, https:\/\/www.chilediagnostics.com\/wp-content\/uploads\/2022\/03\/vignettes-bannieres4-300x169.png 300w, https:\/\/www.chilediagnostics.com\/wp-content\/uploads\/2022\/03\/vignettes-bannieres4-575x323.png 575w, https:\/\/www.chilediagnostics.com\/wp-content\/uploads\/2022\/03\/vignettes-bannieres4-380x214.png 380w\" sizes=\"auto, (max-width: 640px) 100vw, 640px\" \/><\/figure>\n\n\n\n<p class=\"has-text-align-center\">CompactDry<br><strong>Nissui Pharma Solutions<\/strong><\/p>\n<\/div>\n\n\n\n<div class=\"wp-block-column is-layout-flow wp-block-column-is-layout-flow\">\n<figure class=\"wp-block-image size-full\"><img loading=\"lazy\" decoding=\"async\" width=\"640\" height=\"360\" src=\"https:\/\/www.chilediagnostics.com\/wp-content\/uploads\/2022\/03\/lum3copia.jpg\" alt=\"\" class=\"wp-image-121\" srcset=\"https:\/\/www.chilediagnostics.com\/wp-content\/uploads\/2022\/03\/lum3copia.jpg 640w, https:\/\/www.chilediagnostics.com\/wp-content\/uploads\/2022\/03\/lum3copia-300x169.jpg 300w, https:\/\/www.chilediagnostics.com\/wp-content\/uploads\/2022\/03\/lum3copia-575x323.jpg 575w, https:\/\/www.chilediagnostics.com\/wp-content\/uploads\/2022\/03\/lum3copia-380x214.jpg 380w\" sizes=\"auto, (max-width: 640px) 100vw, 640px\" \/><\/figure>\n\n\n\n<p class=\"has-text-align-center\">PD30<br><strong>Kikkoman Biochemifa<\/strong><\/p>\n<\/div>\n\n\n\n<div class=\"wp-block-column is-layout-flow wp-block-column-is-layout-flow\">\n<figure class=\"wp-block-image size-full\"><img loading=\"lazy\" decoding=\"async\" width=\"640\" height=\"360\" src=\"https:\/\/www.chilediagnostics.com\/wp-content\/uploads\/2022\/03\/P-PROTEON-SOY-EXPRESS-1.png\" alt=\"\" class=\"wp-image-122\" srcset=\"https:\/\/www.chilediagnostics.com\/wp-content\/uploads\/2022\/03\/P-PROTEON-SOY-EXPRESS-1.png 640w, https:\/\/www.chilediagnostics.com\/wp-content\/uploads\/2022\/03\/P-PROTEON-SOY-EXPRESS-1-300x169.png 300w, https:\/\/www.chilediagnostics.com\/wp-content\/uploads\/2022\/03\/P-PROTEON-SOY-EXPRESS-1-575x323.png 575w, https:\/\/www.chilediagnostics.com\/wp-content\/uploads\/2022\/03\/P-PROTEON-SOY-EXPRESS-1-380x214.png 380w\" sizes=\"auto, (max-width: 640px) 100vw, 640px\" \/><\/figure>\n\n\n\n<p class=\"has-text-align-center\">Proteon Almond Express<br><strong>Zeulab<\/strong><\/p>\n<\/div>\n<\/div>\n","protected":false},"excerpt":{"rendered":"<p>M\u00e9todos innovadores para el an\u00e1lisis microbiol\u00f3gico y qu\u00edmico, especialmente dise\u00f1ados para ser empleados a lo largo de toda la cadena de producci\u00f3n de alimentos. CompactDryNissui Pharma Solutions PD30Kikkoman Biochemifa Proteon [&hellip;]<\/p>\n","protected":false},"author":1,"featured_media":0,"parent":0,"menu_order":0,"comment_status":"closed","ping_status":"closed","template":"","meta":{"_monsterinsights_skip_tracking":false,"_monsterinsights_sitenote_active":false,"_monsterinsights_sitenote_note":"","_monsterinsights_sitenote_category":0,"footnotes":""},"class_list":["post-90","page","type-page","status-publish","hentry"],"aioseo_notices":[],"_links":{"self":[{"href":"https:\/\/www.chilediagnostics.com\/index.php?rest_route=\/wp\/v2\/pages\/90","targetHints":{"allow":["GET"]}}],"collection":[{"href":"https:\/\/www.chilediagnostics.com\/index.php?rest_route=\/wp\/v2\/pages"}],"about":[{"href":"https:\/\/www.chilediagnostics.com\/index.php?rest_route=\/wp\/v2\/types\/page"}],"author":[{"embeddable":true,"href":"https:\/\/www.chilediagnostics.com\/index.php?rest_route=\/wp\/v2\/users\/1"}],"replies":[{"embeddable":true,"href":"https:\/\/www.chilediagnostics.com\/index.php?rest_route=%2Fwp%2Fv2%2Fcomments&post=90"}],"version-history":[{"count":5,"href":"https:\/\/www.chilediagnostics.com\/index.php?rest_route=\/wp\/v2\/pages\/90\/revisions"}],"predecessor-version":[{"id":140,"href":"https:\/\/www.chilediagnostics.com\/index.php?rest_route=\/wp\/v2\/pages\/90\/revisions\/140"}],"wp:attachment":[{"href":"https:\/\/www.chilediagnostics.com\/index.php?rest_route=%2Fwp%2Fv2%2Fmedia&parent=90"}],"curies":[{"name":"wp","href":"https:\/\/api.w.org\/{rel}","templated":true}]}}